{"id":18,"date":"2025-06-21T13:30:47","date_gmt":"2025-06-21T11:30:47","guid":{"rendered":"http:\/\/hegraminilager.no\/?page_id=18"},"modified":"2025-08-09T22:55:15","modified_gmt":"2025-08-09T20:55:15","slug":"home","status":"publish","type":"page","link":"https:\/\/hegraminilager.no\/","title":{"rendered":"HEGRA MINILAGER"},"content":{"rendered":"\n<div style=\"height:100px\" aria-hidden=\"true\" class=\"wp-block-spacer\"><\/div>\n\n\n\n<div class=\"wp-block-cover alignfull\" style=\"min-height:720px;aspect-ratio:unset;\"><span aria-hidden=\"true\" class=\"wp-block-cover__background has-background-dim-100 has-background-dim has-background-gradient\" style=\"background:linear-gradient(35deg,rgb(103,103,103) 21%,rgb(130,4,255) 100%,rgb(193,15,255) 100%)\"><\/span><div class=\"wp-block-cover__inner-container is-layout-flow wp-block-cover-is-layout-flow\">\n<div class=\"inherit-container-width wp-block-group alignwide is-layout-constrained wp-block-group-is-layout-constrained\">\n<div class=\"wp-block-media-text alignwide has-media-on-the-right is-stacked-on-mobile is-vertically-aligned-center\" style=\"grid-template-columns:auto 40%\"><div class=\"wp-block-media-text__content\">\n<h1 class=\"wp-block-heading has-text-align-left has-white-color has-text-color\">Velkommen til Hegra Minilager<\/h1>\n\n\n\n<p class=\"has-white-color has-text-color\"><strong>Trygt og tilgjengelig minilager ved E14 i Hegra<\/strong><\/p>\n\n\n\n<p class=\"has-white-color has-text-color\">Hegra Minilager tilbyr sikre og praktiske lagerrom til leie \u2013 perfekt for b\u00e5de privatpersoner og bedrifter som trenger ekstra plass. Vi holder til rett ved <strong>E14<\/strong>, med enkel adkomst for bil og tilhenger. Om vinteren s\u00f8rger vi for br\u00f8ytet vei helt frem til lagerbygget.<\/p>\n\n\n\n<div class=\"wp-block-buttons is-layout-flex wp-block-buttons-is-layout-flex\">\n<div class=\"wp-block-button\"><a class=\"wp-block-button__link wp-element-button\" href=\"http:\/\/hegraminilager.no\/index.php\/ledige-lager\/\">Ledige lager<\/a><\/div>\n<\/div>\n<\/div><figure class=\"wp-block-media-text__media\"><img loading=\"lazy\" decoding=\"async\" width=\"951\" height=\"507\" src=\"http:\/\/hegraminilager.no\/wp-content\/uploads\/2025\/06\/skjottarhuset.jpg\" alt=\"\" class=\"wp-image-54 size-full\" srcset=\"https:\/\/hegraminilager.no\/wp-content\/uploads\/2025\/06\/skjottarhuset.jpg 951w, https:\/\/hegraminilager.no\/wp-content\/uploads\/2025\/06\/skjottarhuset-300x160.jpg 300w, https:\/\/hegraminilager.no\/wp-content\/uploads\/2025\/06\/skjottarhuset-768x409.jpg 768w\" sizes=\"auto, (max-width: 951px) 100vw, 951px\" \/><\/figure><\/div>\n<\/div>\n<\/div><\/div>\n\n\n<ul style=\"background-color:#7e7e7e; font-size:15px;font-style:normal;font-weight:500; border-radius:9px;border-width:3px; padding-top:var(--wp--preset--spacing--20);padding-bottom:var(--wp--preset--spacing--20);padding-left:var(--wp--preset--spacing--60);padding-right:var(--wp--preset--spacing--60);margin-top:var(--wp--preset--spacing--50);margin-bottom:var(--wp--preset--spacing--50);\" class=\"wp-block-latest-posts__list has-link-color wp-elements-0cdeb2e7683febd9222e4a50dc37b1fd wp-block-latest-posts has-text-color has-white-color has-background\"><li><a class=\"wp-block-latest-posts__post-title\" href=\"https:\/\/hegraminilager.no\/index.php\/2025\/08\/09\/utvidelse\/\">Utvidelse!<\/a><div class=\"wp-block-latest-posts__post-full-content\"><!-- wp:paragraph -->\n<p>Hegra Minilager har n\u00e5 ekspandert, \u00e5 vi har flere ledige lagerrom for leie. Vi har helt nybygde boder p\u00e5 7-8 m2. Bodene er helt uten trapp og er p\u00e5 bakkeniv\u00e5. Enkel, lett og trygg lagring. <br \/>Ta kontakt p\u00e5 tlf 93023259 ved interesse!<\/p>\n<!-- \/wp:paragraph -->\n\n<!-- wp:image {\"id\":97,\"sizeSlug\":\"large\"} -->\n<figure class=\"wp-block-image size-large\"><img loading=\"lazy\" decoding=\"async\" width=\"795\" height=\"522\" src=\"http:\/\/hegraminilager.no\/wp-content\/uploads\/2025\/06\/poddeskjillarn-overview.png\" alt=\"\" class=\"wp-image-97\" srcset=\"https:\/\/hegraminilager.no\/wp-content\/uploads\/2025\/06\/poddeskjillarn-overview.png 795w, https:\/\/hegraminilager.no\/wp-content\/uploads\/2025\/06\/poddeskjillarn-overview-300x197.png 300w, https:\/\/hegraminilager.no\/wp-content\/uploads\/2025\/06\/poddeskjillarn-overview-768x504.png 768w\" sizes=\"auto, (max-width: 795px) 100vw, 795px\" \/><\/figure>\n<!-- \/wp:image -->\n\n<!-- wp:paragraph -->\n<p><\/p>\n<!-- \/wp:paragraph --><\/div><\/li>\n<\/ul>\n\n\n<div class=\"wp-block-uagb-container uagb-block-f17ce7bd alignfull uagb-is-root-container\"><div class=\"uagb-container-inner-blocks-wrap\">\n<div class=\"wp-block-uagb-info-box uagb-block-cc013340 uagb-infobox__content-wrap  uagb-infobox-icon-above-title uagb-infobox-image-valign-top\"><div class=\"uagb-ifb-content\"><div class=\"uagb-ifb-title-wrap\"><h3 class=\"uagb-ifb-title\">Lokasjon<\/h3><\/div><p class=\"uagb-ifb-desc\">Lagerene ligger i Hegra, 10 minutter med bil fra stj\u00f8rdal sentrum, lett tilgjengelig ved siden av E14.<br>Adressen: <br>Mellomriksvegen 1279<br>7520 Hegra<\/p><\/div><\/div>\n\n\n\t\t\t<div \n\t\t\tclass=\"wp-block-uagb-google-map uagb-google-map__wrap uagb-block-05edc94a     \"\n\t\t\tstyle=\"\" >\n\t\t\t\t<embed\n\t\t\t\t\tclass=\"uagb-google-map__iframe\"\n\t\t\t\t\ttitle=\"Google Map for \"\n\t\t\t\t\tsrc=\"https:\/\/maps.google.com\/maps?q=Mellomriksvegen%201279&#038;z=11&#038;hl=en&#038;t=m&#038;output=embed&#038;iwloc=near\"\n\t\t\t\t\twidth=\"640\"\n\t\t\t\t\theight=\"361\"\n\t\t\t\t\tloading=\"lazy\"\n\t\t\t\t><\/embed>\n\t\t\t<\/div>\n\t\t\t\n\n\n<div class=\"wp-block-uagb-advanced-heading uagb-block-3be98771\"><h2 class=\"uagb-heading-text\">V\u00e5re lager<\/h2><\/div>\n\n\n\n<div class=\"wp-block-columns is-layout-flex wp-container-core-columns-is-layout-28f84493 wp-block-columns-is-layout-flex\">\n<div class=\"wp-block-column is-layout-flow wp-block-column-is-layout-flow\">\n<div class=\"wp-block-uagb-advanced-heading uagb-block-27ba7d31\"><h4 class=\"uagb-heading-text\">5 kvm<\/h4><\/div>\n\n\n\n<p class=\"has-text-align-center has-small-font-size\">Pris: Ca 480,- mnd<\/p>\n\n\n\n<figure class=\"wp-block-image size-full\"><img loading=\"lazy\" decoding=\"async\" width=\"1024\" height=\"994\" src=\"http:\/\/hegraminilager.no\/wp-content\/uploads\/2025\/06\/DALL\u00b7E-2025-01-25-23.06.35-A-larger-storage-room-approximately-4x4-meters-with-plywood-walls-a-wooden-floor-and-a-significantly-lower-roof-to-create-a-compact-and-cozy-feel.-T.jpg\" alt=\"\" class=\"wp-image-52\" srcset=\"https:\/\/hegraminilager.no\/wp-content\/uploads\/2025\/06\/DALL\u00b7E-2025-01-25-23.06.35-A-larger-storage-room-approximately-4x4-meters-with-plywood-walls-a-wooden-floor-and-a-significantly-lower-roof-to-create-a-compact-and-cozy-feel.-T.jpg 1024w, https:\/\/hegraminilager.no\/wp-content\/uploads\/2025\/06\/DALL\u00b7E-2025-01-25-23.06.35-A-larger-storage-room-approximately-4x4-meters-with-plywood-walls-a-wooden-floor-and-a-significantly-lower-roof-to-create-a-compact-and-cozy-feel.-T-300x291.jpg 300w, https:\/\/hegraminilager.no\/wp-content\/uploads\/2025\/06\/DALL\u00b7E-2025-01-25-23.06.35-A-larger-storage-room-approximately-4x4-meters-with-plywood-walls-a-wooden-floor-and-a-significantly-lower-roof-to-create-a-compact-and-cozy-feel.-T-768x746.jpg 768w\" sizes=\"auto, (max-width: 1024px) 100vw, 1024px\" \/><\/figure>\n<\/div>\n\n\n\n<div class=\"wp-block-column is-layout-flow wp-block-column-is-layout-flow\">\n<div class=\"wp-block-uagb-advanced-heading uagb-block-2fead4fc\"><h4 class=\"uagb-heading-text\">7-8 kvm<\/h4><\/div>\n\n\n\n<p class=\"has-text-align-center has-small-font-size\">Nye lager 2025<\/p>\n\n\n\n<div class=\"wp-block-uagb-image uagb-block-05267f2e wp-block-uagb-image--layout-default wp-block-uagb-image--effect-static wp-block-uagb-image--align-none\"><figure class=\"wp-block-uagb-image__figure\"><img decoding=\"async\" srcset=\"https:\/\/hegraminilager.no\/wp-content\/uploads\/2025\/06\/499734986_1226974882460247_7339465504259635114_n-768x1024.jpg ,https:\/\/hegraminilager.no\/wp-content\/uploads\/2025\/06\/499734986_1226974882460247_7339465504259635114_n.jpg 780w, https:\/\/hegraminilager.no\/wp-content\/uploads\/2025\/06\/499734986_1226974882460247_7339465504259635114_n.jpg 360w\" sizes=\"auto, (max-width: 480px) 150px\" src=\"https:\/\/hegraminilager.no\/wp-content\/uploads\/2025\/06\/499734986_1226974882460247_7339465504259635114_n-768x1024.jpg\" alt=\"\" class=\"uag-image-78\" width=\"199\" height=\"265\" title=\"499734986_1226974882460247_7339465504259635114_n\" loading=\"lazy\" role=\"img\"\/><\/figure><\/div>\n<\/div>\n\n\n\n<div class=\"wp-block-column is-layout-flow wp-block-column-is-layout-flow\">\n<div class=\"wp-block-uagb-advanced-heading uagb-block-79460664\"><h4 class=\"uagb-heading-text\">9-10 kvm<\/h4><\/div>\n\n\n\n<p class=\"has-text-align-center has-small-font-size\">Pris: Ca 880,- mnd<\/p>\n\n\n\n<div class=\"wp-block-uagb-image uagb-block-a5431fdc wp-block-uagb-image--layout-default wp-block-uagb-image--effect-static wp-block-uagb-image--align-none\"><figure class=\"wp-block-uagb-image__figure\"><img decoding=\"async\" srcset=\"https:\/\/hegraminilager.no\/wp-content\/uploads\/2025\/06\/DALL\u00b7E-2025-01-25-23.03.24-A-slightly-larger-storage-room-approximately-3x3-meters-with-plywood-walls-and-a-wooden-floor.-The-room-contains-neatly-stacked-cardboard-boxes-and-a-.webp ,https:\/\/hegraminilager.no\/wp-content\/uploads\/2025\/06\/DALL\u00b7E-2025-01-25-23.03.24-A-slightly-larger-storage-room-approximately-3x3-meters-with-plywood-walls-and-a-wooden-floor.-The-room-contains-neatly-stacked-cardboard-boxes-and-a-.webp 780w, https:\/\/hegraminilager.no\/wp-content\/uploads\/2025\/06\/DALL\u00b7E-2025-01-25-23.03.24-A-slightly-larger-storage-room-approximately-3x3-meters-with-plywood-walls-and-a-wooden-floor.-The-room-contains-neatly-stacked-cardboard-boxes-and-a-.webp 360w\" sizes=\"auto, (max-width: 480px) 150px\" src=\"https:\/\/hegraminilager.no\/wp-content\/uploads\/2025\/06\/DALL\u00b7E-2025-01-25-23.03.24-A-slightly-larger-storage-room-approximately-3x3-meters-with-plywood-walls-and-a-wooden-floor.-The-room-contains-neatly-stacked-cardboard-boxes-and-a-.webp\" alt=\"\" class=\"uag-image-47\" width=\"258\" height=\"258\" title=\"DALL\u00b7E 2025-01-25 23.03.24 - A slightly larger storage room approximately 3x3 meters with plywood walls and a wooden floor. The room contains neatly stacked cardboard boxes and a\" loading=\"lazy\" role=\"img\"\/><\/figure><\/div>\n<\/div>\n\n\n\n<div class=\"wp-block-column is-layout-flow wp-block-column-is-layout-flow\">\n<div class=\"wp-block-uagb-advanced-heading uagb-block-2b9c7139\"><h4 class=\"uagb-heading-text\">10+ kvm<\/h4><\/div>\n\n\n\n<p class=\"has-text-align-center has-small-font-size\">Priser:<\/p>\n\n\n\n<figure class=\"wp-block-image size-full\"><img loading=\"lazy\" decoding=\"async\" width=\"1024\" height=\"1024\" src=\"http:\/\/hegraminilager.no\/wp-content\/uploads\/2025\/06\/DALL\u00b7E-2025-01-25-23.02.16-A-highly-compact-storage-room-approximately-2x2-meters-with-plywood-walls-and-a-wooden-floor.-The-room-contains-a-minimal-number-of-neatly-stacked-car.webp\" alt=\"\" class=\"wp-image-49\" srcset=\"https:\/\/hegraminilager.no\/wp-content\/uploads\/2025\/06\/DALL\u00b7E-2025-01-25-23.02.16-A-highly-compact-storage-room-approximately-2x2-meters-with-plywood-walls-and-a-wooden-floor.-The-room-contains-a-minimal-number-of-neatly-stacked-car.webp 1024w, https:\/\/hegraminilager.no\/wp-content\/uploads\/2025\/06\/DALL\u00b7E-2025-01-25-23.02.16-A-highly-compact-storage-room-approximately-2x2-meters-with-plywood-walls-and-a-wooden-floor.-The-room-contains-a-minimal-number-of-neatly-stacked-car-300x300.webp 300w, https:\/\/hegraminilager.no\/wp-content\/uploads\/2025\/06\/DALL\u00b7E-2025-01-25-23.02.16-A-highly-compact-storage-room-approximately-2x2-meters-with-plywood-walls-and-a-wooden-floor.-The-room-contains-a-minimal-number-of-neatly-stacked-car-150x150.webp 150w, https:\/\/hegraminilager.no\/wp-content\/uploads\/2025\/06\/DALL\u00b7E-2025-01-25-23.02.16-A-highly-compact-storage-room-approximately-2x2-meters-with-plywood-walls-and-a-wooden-floor.-The-room-contains-a-minimal-number-of-neatly-stacked-car-768x768.webp 768w\" sizes=\"auto, (max-width: 1024px) 100vw, 1024px\" \/><\/figure>\n<\/div>\n<\/div>\n<\/div><\/div>\n\n\n\n<div class=\"wp-block-group alignfull has-ast-global-color-4-background-color has-background is-layout-constrained wp-container-core-group-is-layout-6a2cfb7b wp-block-group-is-layout-constrained\" id=\"reviews\">\n<p class=\"has-text-align-center has-ast-global-color-3-color has-text-color has-link-color wp-elements-bfa37053561262435ff9585a797df0b5\" style=\"font-size:22px;line-height:1.6\">Ta kontakt med Johan idag for en trivelig prat og et uforpliktende tilbud p\u00e5 en fleksibel l\u00f8sning for dine lagringsbehov<\/p>\n\n\n\n<figure class=\"wp-block-image aligncenter size-full\"><img loading=\"lazy\" decoding=\"async\" width=\"268\" height=\"316\" src=\"http:\/\/hegraminilager.no\/wp-content\/uploads\/2025\/06\/johan.png\" alt=\"\" class=\"wp-image-50\" srcset=\"https:\/\/hegraminilager.no\/wp-content\/uploads\/2025\/06\/johan.png 268w, https:\/\/hegraminilager.no\/wp-content\/uploads\/2025\/06\/johan-254x300.png 254w\" sizes=\"auto, (max-width: 268px) 100vw, 268px\" \/><\/figure>\n\n\n\n<p class=\"has-text-align-center has-ast-global-color-3-color has-text-color has-link-color wp-elements-41e1c461fa2d13ffb572f67b006cede8\"><strong>Johan Kringen<\/strong><br>Tlf: +47 930 23 259<br>E-post: johan.kringen@ntebb.no<\/p>\n\n\n\n<p><\/p>\n<\/div>\n\n\n\n<p><\/p>\n","protected":false},"excerpt":{"rendered":"<p>V\u00e5re lager 5 kvm Pris: Ca 480,- mnd 7-8 kvm Nye lager 2025 9-10 kvm Pris: Ca 880,- mnd 10+ [&hellip;]<\/p>\n","protected":false},"author":2,"featured_media":0,"parent":0,"menu_order":0,"comment_status":"closed","ping_status":"closed","template":"","meta":{"_uag_custom_page_level_css":"","site-sidebar-layout":"no-sidebar","site-content-layout":"plain-container","ast-site-content-layout":"","site-content-style":"default","site-sidebar-style":"default","ast-global-header-display":"","ast-banner-title-visibility":"","ast-main-header-display":"","ast-hfb-above-header-display":"","ast-hfb-below-header-display":"","ast-hfb-mobile-header-display":"","site-post-title":"disabled","ast-breadcrumbs-content":"","ast-featured-img":"","footer-sml-layout":"","theme-transparent-header-meta":"enabled","adv-header-id-meta":"","stick-header-meta":"","header-above-stick-meta":"","header-main-stick-meta":"","header-below-stick-meta":"","astra-migrate-meta-layouts":"default","ast-page-background-enabled":"default","ast-page-background-meta":{"desktop":{"background-color":"var(--ast-global-color-5)","background-image":"","background-repeat":"repeat","background-position":"center center","background-size":"auto","background-attachment":"scroll","background-type":"","background-media":"","overlay-type":"","overlay-color":"","overlay-opacity":"","overlay-gradient":""},"tablet":{"background-color":"","background-image":"","background-repeat":"repeat","background-position":"center center","background-size":"auto","background-attachment":"scroll","background-type":"","background-media":"","overlay-type":"","overlay-color":"","overlay-opacity":"","overlay-gradient":""},"mobile":{"background-color":"","background-image":"","background-repeat":"repeat","background-position":"center center","background-size":"auto","background-attachment":"scroll","background-type":"","background-media":"","overlay-type":"","overlay-color":"","overlay-opacity":"","overlay-gradient":""}},"ast-content-background-meta":{"desktop":{"background-color":"var(--ast-global-color-4)","background-image":"","background-repeat":"repeat","background-position":"center center","background-size":"auto","background-attachment":"scroll","background-type":"","background-media":"","overlay-type":"","overlay-color":"","overlay-opacity":"","overlay-gradient":""},"tablet":{"background-color":"var(--ast-global-color-4)","background-image":"","background-repeat":"repeat","background-position":"center center","background-size":"auto","background-attachment":"scroll","background-type":"","background-media":"","overlay-type":"","overlay-color":"","overlay-opacity":"","overlay-gradient":""},"mobile":{"background-color":"var(--ast-global-color-4)","background-image":"","background-repeat":"repeat","background-position":"center center","background-size":"auto","background-attachment":"scroll","background-type":"","background-media":"","overlay-type":"","overlay-color":"","overlay-opacity":"","overlay-gradient":""}},"footnotes":""},"class_list":["post-18","page","type-page","status-publish","hentry"],"uagb_featured_image_src":{"full":false,"thumbnail":false,"medium":false,"medium_large":false,"large":false,"1536x1536":false,"2048x2048":false},"uagb_author_info":{"display_name":"magnus","author_link":"https:\/\/hegraminilager.no\/index.php\/author\/magnus\/"},"uagb_comment_info":0,"uagb_excerpt":"V\u00e5re lager 5 kvm Pris: Ca 480,- mnd 7-8 kvm Nye lager 2025 9-10 kvm Pris: Ca 880,- mnd 10+ [&hellip;]","_links":{"self":[{"href":"https:\/\/hegraminilager.no\/index.php\/wp-json\/wp\/v2\/pages\/18","targetHints":{"allow":["GET"]}}],"collection":[{"href":"https:\/\/hegraminilager.no\/index.php\/wp-json\/wp\/v2\/pages"}],"about":[{"href":"https:\/\/hegraminilager.no\/index.php\/wp-json\/wp\/v2\/types\/page"}],"author":[{"embeddable":true,"href":"https:\/\/hegraminilager.no\/index.php\/wp-json\/wp\/v2\/users\/2"}],"replies":[{"embeddable":true,"href":"https:\/\/hegraminilager.no\/index.php\/wp-json\/wp\/v2\/comments?post=18"}],"version-history":[{"count":35,"href":"https:\/\/hegraminilager.no\/index.php\/wp-json\/wp\/v2\/pages\/18\/revisions"}],"predecessor-version":[{"id":152,"href":"https:\/\/hegraminilager.no\/index.php\/wp-json\/wp\/v2\/pages\/18\/revisions\/152"}],"wp:attachment":[{"href":"https:\/\/hegraminilager.no\/index.php\/wp-json\/wp\/v2\/media?parent=18"}],"curies":[{"name":"wp","href":"https:\/\/api.w.org\/{rel}","templated":true}]}}