{"id":70,"date":"2025-06-21T18:40:41","date_gmt":"2025-06-21T16:40:41","guid":{"rendered":"http:\/\/hegraminilager.no\/?page_id=70"},"modified":"2025-06-21T21:32:25","modified_gmt":"2025-06-21T19:32:25","slug":"ledige-lager","status":"publish","type":"page","link":"https:\/\/hegraminilager.no\/index.php\/ledige-lager\/","title":{"rendered":"Ledige lager:"},"content":{"rendered":"\n<div class=\"wp-block-uagb-container uagb-block-8c168806 alignfull uagb-is-root-container\"><div class=\"uagb-container-inner-blocks-wrap\">\n<p>Hegra Minilager har n\u00e5 utvidet, og vi har flere ledige lagerrom for leie. <br>Vi har helt nybygde boder p\u00e5 7-8 m2. Bodene er helt uten trapp og er p\u00e5 bakkeniv\u00e5. Enkel, lett og trygg lagring.<\/p>\n\n\n\n<div class=\"wp-block-uagb-container uagb-block-b82f2423 alignfull uagb-is-root-container\"><div class=\"uagb-container-inner-blocks-wrap\">\n<div class=\"wp-block-uagb-container uagb-block-53a01704\">\n<figure class=\"wp-block-image size-large\"><img loading=\"lazy\" decoding=\"async\" width=\"768\" height=\"1024\" src=\"http:\/\/hegraminilager.no\/wp-content\/uploads\/2025\/06\/500244997_1226974849126917_4047008813780093010_n-768x1024.jpg\" alt=\"\" class=\"wp-image-79\" srcset=\"https:\/\/hegraminilager.no\/wp-content\/uploads\/2025\/06\/500244997_1226974849126917_4047008813780093010_n-768x1024.jpg 768w, https:\/\/hegraminilager.no\/wp-content\/uploads\/2025\/06\/500244997_1226974849126917_4047008813780093010_n-225x300.jpg 225w, https:\/\/hegraminilager.no\/wp-content\/uploads\/2025\/06\/500244997_1226974849126917_4047008813780093010_n-1152x1536.jpg 1152w, https:\/\/hegraminilager.no\/wp-content\/uploads\/2025\/06\/500244997_1226974849126917_4047008813780093010_n.jpg 1536w\" sizes=\"auto, (max-width: 768px) 100vw, 768px\" \/><\/figure>\n<\/div>\n\n\n\n<figure class=\"wp-block-image size-large\"><img loading=\"lazy\" decoding=\"async\" width=\"768\" height=\"1024\" src=\"http:\/\/hegraminilager.no\/wp-content\/uploads\/2025\/06\/501796304_1226974859126916_5487202014727702356_n-768x1024.jpg\" alt=\"\" class=\"wp-image-81\" srcset=\"https:\/\/hegraminilager.no\/wp-content\/uploads\/2025\/06\/501796304_1226974859126916_5487202014727702356_n-768x1024.jpg 768w, https:\/\/hegraminilager.no\/wp-content\/uploads\/2025\/06\/501796304_1226974859126916_5487202014727702356_n-225x300.jpg 225w, https:\/\/hegraminilager.no\/wp-content\/uploads\/2025\/06\/501796304_1226974859126916_5487202014727702356_n-1152x1536.jpg 1152w, https:\/\/hegraminilager.no\/wp-content\/uploads\/2025\/06\/501796304_1226974859126916_5487202014727702356_n.jpg 1536w\" sizes=\"auto, (max-width: 768px) 100vw, 768px\" \/><\/figure>\n<\/div><\/div>\n<\/div><\/div>\n\n\n\n<div class=\"wp-block-group alignfull has-ast-global-color-4-background-color has-background is-layout-constrained wp-container-core-group-is-layout-6a2cfb7b wp-block-group-is-layout-constrained\" id=\"reviews\">\n<p class=\"has-text-align-center has-ast-global-color-3-color has-text-color has-link-color wp-elements-bfa37053561262435ff9585a797df0b5\" style=\"font-size:22px;line-height:1.6\">Ta kontakt med Johan idag for en trivelig prat og et uforpliktende tilbud p\u00e5 en fleksibel l\u00f8sning for dine lagringsbehov<\/p>\n\n\n\n<figure class=\"wp-block-image aligncenter size-full\"><img loading=\"lazy\" decoding=\"async\" width=\"268\" height=\"316\" src=\"http:\/\/hegraminilager.no\/wp-content\/uploads\/2025\/06\/johan.png\" alt=\"\" class=\"wp-image-50\" srcset=\"https:\/\/hegraminilager.no\/wp-content\/uploads\/2025\/06\/johan.png 268w, https:\/\/hegraminilager.no\/wp-content\/uploads\/2025\/06\/johan-254x300.png 254w\" sizes=\"auto, (max-width: 268px) 100vw, 268px\" \/><\/figure>\n\n\n\n<p class=\"has-text-align-center has-ast-global-color-3-color has-text-color has-link-color wp-elements-41e1c461fa2d13ffb572f67b006cede8\"><strong>Johan Kringen<\/strong><br>Tlf: +47 930 23 259<br>E-post: johan.kringen@ntebb.no<\/p>\n\n\n\n<p><\/p>\n<\/div>\n\n\n\n<p><\/p>\n","protected":false},"excerpt":{"rendered":"<p>Hegra Minilager har n\u00e5 utvidet, og vi har flere ledige lagerrom for leie. Vi har helt nybygde boder p\u00e5 7-8 [&hellip;]<\/p>\n","protected":false},"author":2,"featured_media":0,"parent":0,"menu_order":0,"comment_status":"closed","ping_status":"closed","template":"","meta":{"_uag_custom_page_level_css":"","site-sidebar-layout":"default","site-content-layout":"","ast-site-content-layout":"","site-content-style":"default","site-sidebar-style":"default","ast-global-header-display":"","ast-banner-title-visibility":"","ast-main-header-display":"","ast-hfb-above-header-display":"","ast-hfb-below-header-display":"","ast-hfb-mobile-header-display":"","site-post-title":"","ast-breadcrumbs-content":"","ast-featured-img":"","footer-sml-layout":"","theme-transparent-header-meta":"","adv-header-id-meta":"","stick-header-meta":"","header-above-stick-meta":"","header-main-stick-meta":"","header-below-stick-meta":"","astra-migrate-meta-layouts":"default","ast-page-background-enabled":"default","ast-page-background-meta":{"desktop":{"background-color":"var(--ast-global-color-5)","background-image":"","background-repeat":"repeat","background-position":"center center","background-size":"auto","background-attachment":"scroll","background-type":"","background-media":"","overlay-type":"","overlay-color":"","overlay-opacity":"","overlay-gradient":""},"tablet":{"background-color":"","background-image":"","background-repeat":"repeat","background-position":"center center","background-size":"auto","background-attachment":"scroll","background-type":"","background-media":"","overlay-type":"","overlay-color":"","overlay-opacity":"","overlay-gradient":""},"mobile":{"background-color":"","background-image":"","background-repeat":"repeat","background-position":"center center","background-size":"auto","background-attachment":"scroll","background-type":"","background-media":"","overlay-type":"","overlay-color":"","overlay-opacity":"","overlay-gradient":""}},"ast-content-background-meta":{"desktop":{"background-color":"var(--ast-global-color-4)","background-image":"","background-repeat":"repeat","background-position":"center center","background-size":"auto","background-attachment":"scroll","background-type":"","background-media":"","overlay-type":"","overlay-color":"","overlay-opacity":"","overlay-gradient":""},"tablet":{"background-color":"var(--ast-global-color-4)","background-image":"","background-repeat":"repeat","background-position":"center center","background-size":"auto","background-attachment":"scroll","background-type":"","background-media":"","overlay-type":"","overlay-color":"","overlay-opacity":"","overlay-gradient":""},"mobile":{"background-color":"var(--ast-global-color-4)","background-image":"","background-repeat":"repeat","background-position":"center center","background-size":"auto","background-attachment":"scroll","background-type":"","background-media":"","overlay-type":"","overlay-color":"","overlay-opacity":"","overlay-gradient":""}},"footnotes":""},"class_list":["post-70","page","type-page","status-publish","hentry"],"uagb_featured_image_src":{"full":false,"thumbnail":false,"medium":false,"medium_large":false,"large":false,"1536x1536":false,"2048x2048":false},"uagb_author_info":{"display_name":"magnus","author_link":"https:\/\/hegraminilager.no\/index.php\/author\/magnus\/"},"uagb_comment_info":0,"uagb_excerpt":"Hegra Minilager har n\u00e5 utvidet, og vi har flere ledige lagerrom for leie. Vi har helt nybygde boder p\u00e5 7-8 [&hellip;]","_links":{"self":[{"href":"https:\/\/hegraminilager.no\/index.php\/wp-json\/wp\/v2\/pages\/70","targetHints":{"allow":["GET"]}}],"collection":[{"href":"https:\/\/hegraminilager.no\/index.php\/wp-json\/wp\/v2\/pages"}],"about":[{"href":"https:\/\/hegraminilager.no\/index.php\/wp-json\/wp\/v2\/types\/page"}],"author":[{"embeddable":true,"href":"https:\/\/hegraminilager.no\/index.php\/wp-json\/wp\/v2\/users\/2"}],"replies":[{"embeddable":true,"href":"https:\/\/hegraminilager.no\/index.php\/wp-json\/wp\/v2\/comments?post=70"}],"version-history":[{"count":5,"href":"https:\/\/hegraminilager.no\/index.php\/wp-json\/wp\/v2\/pages\/70\/revisions"}],"predecessor-version":[{"id":122,"href":"https:\/\/hegraminilager.no\/index.php\/wp-json\/wp\/v2\/pages\/70\/revisions\/122"}],"wp:attachment":[{"href":"https:\/\/hegraminilager.no\/index.php\/wp-json\/wp\/v2\/media?parent=70"}],"curies":[{"name":"wp","href":"https:\/\/api.w.org\/{rel}","templated":true}]}}